{"id":188,"date":"2022-03-13T15:52:45","date_gmt":"2022-03-13T15:52:45","guid":{"rendered":"https:\/\/raphaelbarbosa.com\/?page_id=188"},"modified":"2022-03-22T13:30:30","modified_gmt":"2022-03-22T13:30:30","slug":"podcast","status":"publish","type":"page","link":"https:\/\/raphaelbarbosa.com\/index.php\/podcast\/","title":{"rendered":"Podcast"},"content":{"rendered":"\t\t<div data-elementor-type=\"wp-page\" data-elementor-id=\"188\" class=\"elementor elementor-188\">\n\t\t\t\t\t\t<section class=\"elementor-section elementor-top-section elementor-element elementor-element-6499a1ad elementor-section-height-min-height elementor-section-boxed elementor-section-height-default elementor-section-items-middle\" data-id=\"6499a1ad\" data-element_type=\"section\" data-e-type=\"section\" data-settings=\"{&quot;background_background&quot;:&quot;classic&quot;}\">\n\t\t\t\t\t\t\t<div class=\"elementor-background-overlay\"><\/div>\n\t\t\t\t\t\t\t<div class=\"elementor-container elementor-column-gap-default\">\n\t\t\t\t\t<div class=\"elementor-column elementor-col-100 elementor-top-column elementor-element elementor-element-3efe72f6\" data-id=\"3efe72f6\" data-element_type=\"column\" data-e-type=\"column\">\n\t\t\t<div class=\"elementor-widget-wrap elementor-element-populated\">\n\t\t\t\t\t\t<div class=\"elementor-element elementor-element-3a191038 elementor-icon-list--layout-inline elementor-align-center animated-slow elementor-list-item-link-full_width elementor-invisible elementor-widget elementor-widget-icon-list\" data-id=\"3a191038\" data-element_type=\"widget\" data-e-type=\"widget\" data-settings=\"{&quot;_animation&quot;:&quot;fadeInUp&quot;}\" data-widget_type=\"icon-list.default\">\n\t\t\t\t<div class=\"elementor-widget-container\">\n\t\t\t\t\t\t\t<ul class=\"elementor-icon-list-items elementor-inline-items\">\n\t\t\t\t\t\t\t<li class=\"elementor-icon-list-item elementor-inline-item\">\n\t\t\t\t\t\t\t\t\t\t\t<a href=\"https:\/\/raphaelbarbosa.com\/\">\n\n\t\t\t\t\t\t\t\t\t\t\t<span class=\"elementor-icon-list-text\">Inicio<\/span>\n\t\t\t\t\t\t\t\t\t\t\t<\/a>\n\t\t\t\t\t\t\t\t\t<\/li>\n\t\t\t\t\t\t\t\t<li class=\"elementor-icon-list-item elementor-inline-item\">\n\t\t\t\t\t\t\t\t\t\t\t<a href=\"https:\/\/holding2k.com\/\">\n\n\t\t\t\t\t\t\t\t\t\t\t\t<span class=\"elementor-icon-list-icon\">\n\t\t\t\t\t\t\t<i aria-hidden=\"true\" class=\"fas fa-angle-right\"><\/i>\t\t\t\t\t\t<\/span>\n\t\t\t\t\t\t\t\t\t\t<span class=\"elementor-icon-list-text\">Agencia<\/span>\n\t\t\t\t\t\t\t\t\t\t\t<\/a>\n\t\t\t\t\t\t\t\t\t<\/li>\n\t\t\t\t\t\t<\/ul>\n\t\t\t\t\t\t<\/div>\n\t\t\t\t<\/div>\n\t\t\t\t<div class=\"elementor-element elementor-element-505f561a animated-slow elementor-invisible elementor-widget elementor-widget-heading\" data-id=\"505f561a\" data-element_type=\"widget\" data-e-type=\"widget\" data-settings=\"{&quot;_animation&quot;:&quot;fadeInUp&quot;}\" data-widget_type=\"heading.default\">\n\t\t\t\t<div class=\"elementor-widget-container\">\n\t\t\t\t\t<h1 class=\"elementor-heading-title elementor-size-default\">Podcast con emprendedores pyme<\/h1>\t\t\t\t<\/div>\n\t\t\t\t<\/div>\n\t\t\t\t\t<\/div>\n\t\t<\/div>\n\t\t\t\t\t<\/div>\n\t\t<\/section>\n\t\t\t\t<section class=\"elementor-section elementor-top-section elementor-element elementor-element-ae081f7 elementor-section-full_width elementor-section-height-default elementor-section-height-default\" data-id=\"ae081f7\" data-element_type=\"section\" data-e-type=\"section\" data-settings=\"{&quot;background_background&quot;:&quot;classic&quot;}\">\n\t\t\t\t\t\t<div class=\"elementor-container elementor-column-gap-default\">\n\t\t\t\t\t<div class=\"elementor-column elementor-col-100 elementor-top-column elementor-element elementor-element-e5324ae\" data-id=\"e5324ae\" data-element_type=\"column\" data-e-type=\"column\">\n\t\t\t<div class=\"elementor-widget-wrap elementor-element-populated\">\n\t\t\t\t\t\t<div class=\"elementor-element elementor-element-d92c207 elementor-widget elementor-widget-text-editor\" data-id=\"d92c207\" data-element_type=\"widget\" data-e-type=\"widget\" data-widget_type=\"text-editor.default\">\n\t\t\t\t<div class=\"elementor-widget-container\">\n\t\t\t\t\t\t\t\t\t<h3>\u00a0<\/h3><h2>Este Podcast esta dedicado a los emprendedores que con mucho esfuerzo, fe y dedicaci\u00f3n han invertido tiempo de sus vidas para poder progresar en un pa\u00eds con muchas oportunidades y as\u00ed mismo ayudar a su comunidad a beneficiarse con su emprendimiento.<\/h2>\t\t\t\t\t\t\t\t<\/div>\n\t\t\t\t<\/div>\n\t\t\t\t\t<\/div>\n\t\t<\/div>\n\t\t\t\t\t<\/div>\n\t\t<\/section>\n\t\t\t\t<section class=\"elementor-section elementor-top-section elementor-element elementor-element-b903ce6 elementor-section-boxed elementor-section-height-default elementor-section-height-default\" data-id=\"b903ce6\" data-element_type=\"section\" data-e-type=\"section\" data-settings=\"{&quot;background_background&quot;:&quot;classic&quot;,&quot;animation_mobile&quot;:&quot;fadeInDown&quot;}\">\n\t\t\t\t\t\t\t<div class=\"elementor-background-overlay\"><\/div>\n\t\t\t\t\t\t\t<div class=\"elementor-container elementor-column-gap-default\">\n\t\t\t\t\t<div class=\"elementor-column elementor-col-33 elementor-top-column elementor-element elementor-element-7237ed3e\" data-id=\"7237ed3e\" data-element_type=\"column\" data-e-type=\"column\">\n\t\t\t<div class=\"elementor-widget-wrap elementor-element-populated\">\n\t\t\t\t\t\t<div class=\"elementor-element elementor-element-4ead34d elementor-widget elementor-widget-video\" data-id=\"4ead34d\" data-element_type=\"widget\" data-e-type=\"widget\" data-settings=\"{&quot;youtube_url&quot;:&quot;https:\\\/\\\/www.youtube.com\\\/watch?v=l2kLcIiesXQ&quot;,&quot;video_type&quot;:&quot;youtube&quot;,&quot;controls&quot;:&quot;yes&quot;}\" data-widget_type=\"video.default\">\n\t\t\t\t<div class=\"elementor-widget-container\">\n\t\t\t\t\t\t\t<div class=\"elementor-wrapper elementor-open-inline\">\n\t\t\t<div class=\"elementor-video\"><\/div>\t\t<\/div>\n\t\t\t\t\t\t<\/div>\n\t\t\t\t<\/div>\n\t\t\t\t\t<\/div>\n\t\t<\/div>\n\t\t\t\t<div class=\"elementor-column elementor-col-33 elementor-top-column elementor-element elementor-element-3e572f0\" data-id=\"3e572f0\" data-element_type=\"column\" data-e-type=\"column\">\n\t\t\t<div class=\"elementor-widget-wrap elementor-element-populated\">\n\t\t\t\t\t\t<div class=\"elementor-element elementor-element-08c5158 elementor-widget elementor-widget-video\" data-id=\"08c5158\" data-element_type=\"widget\" data-e-type=\"widget\" data-settings=\"{&quot;youtube_url&quot;:&quot;https:\\\/\\\/www.youtube.com\\\/watch?v=tdL2m0HTMaA&quot;,&quot;video_type&quot;:&quot;youtube&quot;,&quot;controls&quot;:&quot;yes&quot;}\" data-widget_type=\"video.default\">\n\t\t\t\t<div class=\"elementor-widget-container\">\n\t\t\t\t\t\t\t<div class=\"elementor-wrapper elementor-open-inline\">\n\t\t\t<div class=\"elementor-video\"><\/div>\t\t<\/div>\n\t\t\t\t\t\t<\/div>\n\t\t\t\t<\/div>\n\t\t\t\t\t<\/div>\n\t\t<\/div>\n\t\t\t\t<div class=\"elementor-column elementor-col-33 elementor-top-column elementor-element elementor-element-bee6589\" data-id=\"bee6589\" data-element_type=\"column\" data-e-type=\"column\">\n\t\t\t<div class=\"elementor-widget-wrap elementor-element-populated\">\n\t\t\t\t\t\t<div class=\"elementor-element elementor-element-78f5847 elementor-widget elementor-widget-video\" data-id=\"78f5847\" data-element_type=\"widget\" data-e-type=\"widget\" data-settings=\"{&quot;youtube_url&quot;:&quot;https:\\\/\\\/youtu.be\\\/c9ev60rsqfw&quot;,&quot;video_type&quot;:&quot;youtube&quot;,&quot;controls&quot;:&quot;yes&quot;}\" data-widget_type=\"video.default\">\n\t\t\t\t<div class=\"elementor-widget-container\">\n\t\t\t\t\t\t\t<div class=\"elementor-wrapper elementor-open-inline\">\n\t\t\t<div class=\"elementor-video\"><\/div>\t\t<\/div>\n\t\t\t\t\t\t<\/div>\n\t\t\t\t<\/div>\n\t\t\t\t\t<\/div>\n\t\t<\/div>\n\t\t\t\t\t<\/div>\n\t\t<\/section>\n\t\t\t\t<section class=\"elementor-section elementor-top-section elementor-element elementor-element-9825818 elementor-section-boxed elementor-section-height-default elementor-section-height-default\" data-id=\"9825818\" data-element_type=\"section\" data-e-type=\"section\" data-settings=\"{&quot;background_background&quot;:&quot;classic&quot;,&quot;animation_mobile&quot;:&quot;fadeInDown&quot;}\">\n\t\t\t\t\t\t\t<div class=\"elementor-background-overlay\"><\/div>\n\t\t\t\t\t\t\t<div class=\"elementor-container elementor-column-gap-default\">\n\t\t\t\t\t<div class=\"elementor-column elementor-col-50 elementor-top-column elementor-element elementor-element-d8eda81\" data-id=\"d8eda81\" data-element_type=\"column\" data-e-type=\"column\">\n\t\t\t<div class=\"elementor-widget-wrap elementor-element-populated\">\n\t\t\t\t\t\t<div class=\"elementor-element elementor-element-d7632f2 elementor-widget elementor-widget-video\" data-id=\"d7632f2\" data-element_type=\"widget\" data-e-type=\"widget\" data-settings=\"{&quot;youtube_url&quot;:&quot;https:\\\/\\\/www.youtube.com\\\/watch?v=nERLztSyQT8&quot;,&quot;video_type&quot;:&quot;youtube&quot;,&quot;controls&quot;:&quot;yes&quot;}\" data-widget_type=\"video.default\">\n\t\t\t\t<div class=\"elementor-widget-container\">\n\t\t\t\t\t\t\t<div class=\"elementor-wrapper elementor-open-inline\">\n\t\t\t<div class=\"elementor-video\"><\/div>\t\t<\/div>\n\t\t\t\t\t\t<\/div>\n\t\t\t\t<\/div>\n\t\t\t\t\t<\/div>\n\t\t<\/div>\n\t\t\t\t<div class=\"elementor-column elementor-col-50 elementor-top-column elementor-element elementor-element-c89bb18\" data-id=\"c89bb18\" data-element_type=\"column\" data-e-type=\"column\">\n\t\t\t<div class=\"elementor-widget-wrap elementor-element-populated\">\n\t\t\t\t\t\t<div class=\"elementor-element elementor-element-857fab3 elementor-widget elementor-widget-video\" data-id=\"857fab3\" data-element_type=\"widget\" data-e-type=\"widget\" data-settings=\"{&quot;youtube_url&quot;:&quot;https:\\\/\\\/www.youtube.com\\\/watch?v=A7eEb9Z12eU&quot;,&quot;video_type&quot;:&quot;youtube&quot;,&quot;controls&quot;:&quot;yes&quot;}\" data-widget_type=\"video.default\">\n\t\t\t\t<div class=\"elementor-widget-container\">\n\t\t\t\t\t\t\t<div class=\"elementor-wrapper elementor-open-inline\">\n\t\t\t<div class=\"elementor-video\"><\/div>\t\t<\/div>\n\t\t\t\t\t\t<\/div>\n\t\t\t\t<\/div>\n\t\t\t\t\t<\/div>\n\t\t<\/div>\n\t\t\t\t\t<\/div>\n\t\t<\/section>\n\t\t\t\t<\/div>\n\t\t","protected":false},"excerpt":{"rendered":"<p>Inicio Agencia Podcast con emprendedores pyme \u00a0 Este Podcast esta dedicado a los emprendedores que con mucho esfuerzo, fe y dedicaci\u00f3n han invertido tiempo de sus vidas para poder progresar en un pa\u00eds con muchas oportunidades y as\u00ed mismo ayudar a su comunidad a beneficiarse con su emprendimiento. https:\/\/www.youtube.com\/watch?v=l2kLcIiesXQhttps:\/\/www.youtube.com\/watch?v=tdL2m0HTMaAhttps:\/\/youtu.be\/c9ev60rsqfwhttps:\/\/www.youtube.com\/watch?v=nERLztSyQT8https:\/\/www.youtube.com\/watch?v=A7eEb9Z12eU<\/p>\n","protected":false},"author":2,"featured_media":0,"parent":0,"menu_order":0,"comment_status":"closed","ping_status":"closed","template":"page-templates\/template-pagebuilder-full-width.php","meta":{"_monsterinsights_skip_tracking":false,"_monsterinsights_sitenote_active":false,"_monsterinsights_sitenote_note":"","_monsterinsights_sitenote_category":0,"neve_meta_sidebar":"","neve_meta_container":"","neve_meta_enable_content_width":"","neve_meta_content_width":0,"neve_meta_title_alignment":"","neve_meta_author_avatar":"","neve_post_elements_order":"","neve_meta_disable_header":"","neve_meta_disable_footer":"","neve_meta_disable_title":"","_joinchat":[],"footnotes":""},"class_list":["post-188","page","type-page","status-publish","hentry"],"yoast_head":"<!-- This site is optimized with the Yoast SEO plugin v27.2 - https:\/\/yoast.com\/product\/yoast-seo-wordpress\/ -->\n<title>Podcast - Raphael Barbosa El Podcast para Emprendedores PYME<\/title>\n<meta name=\"description\" content=\"Este Podcast esta dedicado a todos los emprendedores que inician un negocio y con mucho esfuerzo, constancia y tenacidad llegan al \u00e9xito.\" \/>\n<meta name=\"robots\" content=\"index, follow, max-snippet:-1, max-image-preview:large, max-video-preview:-1\" \/>\n<link rel=\"canonical\" href=\"https:\/\/raphaelbarbosa.com\/index.php\/podcast\/\" \/>\n<meta property=\"og:locale\" content=\"es_ES\" \/>\n<meta property=\"og:type\" content=\"article\" \/>\n<meta property=\"og:title\" content=\"Podcast - Raphael Barbosa El Podcast para Emprendedores PYME\" \/>\n<meta property=\"og:description\" content=\"Este Podcast esta dedicado a todos los emprendedores que inician un negocio y con mucho esfuerzo, constancia y tenacidad llegan al \u00e9xito.\" \/>\n<meta property=\"og:url\" content=\"https:\/\/raphaelbarbosa.com\/index.php\/podcast\/\" \/>\n<meta property=\"og:site_name\" content=\"Raphael Barbosa\" \/>\n<meta property=\"article:modified_time\" content=\"2022-03-22T13:30:30+00:00\" \/>\n<meta name=\"twitter:card\" content=\"summary_large_image\" \/>\n<meta name=\"twitter:label1\" content=\"Tiempo de lectura\" \/>\n\t<meta name=\"twitter:data1\" content=\"1 minuto\" \/>\n<script type=\"application\/ld+json\" class=\"yoast-schema-graph\">{\"@context\":\"https:\/\/schema.org\",\"@graph\":[{\"@type\":\"WebPage\",\"@id\":\"https:\/\/raphaelbarbosa.com\/index.php\/podcast\/\",\"url\":\"https:\/\/raphaelbarbosa.com\/index.php\/podcast\/\",\"name\":\"Podcast - Raphael Barbosa El Podcast para Emprendedores PYME\",\"isPartOf\":{\"@id\":\"https:\/\/raphaelbarbosa.com\/#website\"},\"datePublished\":\"2022-03-13T15:52:45+00:00\",\"dateModified\":\"2022-03-22T13:30:30+00:00\",\"description\":\"Este Podcast esta dedicado a todos los emprendedores que inician un negocio y con mucho esfuerzo, constancia y tenacidad llegan al \u00e9xito.\",\"breadcrumb\":{\"@id\":\"https:\/\/raphaelbarbosa.com\/index.php\/podcast\/#breadcrumb\"},\"inLanguage\":\"es\",\"potentialAction\":[{\"@type\":\"ReadAction\",\"target\":[\"https:\/\/raphaelbarbosa.com\/index.php\/podcast\/\"]}]},{\"@type\":\"BreadcrumbList\",\"@id\":\"https:\/\/raphaelbarbosa.com\/index.php\/podcast\/#breadcrumb\",\"itemListElement\":[{\"@type\":\"ListItem\",\"position\":1,\"name\":\"Portada\",\"item\":\"https:\/\/raphaelbarbosa.com\/\"},{\"@type\":\"ListItem\",\"position\":2,\"name\":\"Podcast\"}]},{\"@type\":\"WebSite\",\"@id\":\"https:\/\/raphaelbarbosa.com\/#website\",\"url\":\"https:\/\/raphaelbarbosa.com\/\",\"name\":\"Raphael Barbosa\",\"description\":\"Consultor estratega para Incrementar los ingresos de las PYME\",\"publisher\":{\"@id\":\"https:\/\/raphaelbarbosa.com\/#organization\"},\"potentialAction\":[{\"@type\":\"SearchAction\",\"target\":{\"@type\":\"EntryPoint\",\"urlTemplate\":\"https:\/\/raphaelbarbosa.com\/?s={search_term_string}\"},\"query-input\":{\"@type\":\"PropertyValueSpecification\",\"valueRequired\":true,\"valueName\":\"search_term_string\"}}],\"inLanguage\":\"es\"},{\"@type\":\"Organization\",\"@id\":\"https:\/\/raphaelbarbosa.com\/#organization\",\"name\":\"Raphael Barbosa\",\"url\":\"https:\/\/raphaelbarbosa.com\/\",\"logo\":{\"@type\":\"ImageObject\",\"inLanguage\":\"es\",\"@id\":\"https:\/\/raphaelbarbosa.com\/#\/schema\/logo\/image\/\",\"url\":\"https:\/\/raphaelbarbosa.com\/wp-content\/uploads\/2021\/07\/cropped-logo_raphael_barbosa.png\",\"contentUrl\":\"https:\/\/raphaelbarbosa.com\/wp-content\/uploads\/2021\/07\/cropped-logo_raphael_barbosa.png\",\"width\":1888,\"height\":458,\"caption\":\"Raphael Barbosa\"},\"image\":{\"@id\":\"https:\/\/raphaelbarbosa.com\/#\/schema\/logo\/image\/\"}}]}<\/script>\n<!-- \/ Yoast SEO plugin. -->","yoast_head_json":{"title":"Podcast - Raphael Barbosa El Podcast para Emprendedores PYME","description":"Este Podcast esta dedicado a todos los emprendedores que inician un negocio y con mucho esfuerzo, constancia y tenacidad llegan al \u00e9xito.","robots":{"index":"index","follow":"follow","max-snippet":"max-snippet:-1","max-image-preview":"max-image-preview:large","max-video-preview":"max-video-preview:-1"},"canonical":"https:\/\/raphaelbarbosa.com\/index.php\/podcast\/","og_locale":"es_ES","og_type":"article","og_title":"Podcast - Raphael Barbosa El Podcast para Emprendedores PYME","og_description":"Este Podcast esta dedicado a todos los emprendedores que inician un negocio y con mucho esfuerzo, constancia y tenacidad llegan al \u00e9xito.","og_url":"https:\/\/raphaelbarbosa.com\/index.php\/podcast\/","og_site_name":"Raphael Barbosa","article_modified_time":"2022-03-22T13:30:30+00:00","twitter_card":"summary_large_image","twitter_misc":{"Tiempo de lectura":"1 minuto"},"schema":{"@context":"https:\/\/schema.org","@graph":[{"@type":"WebPage","@id":"https:\/\/raphaelbarbosa.com\/index.php\/podcast\/","url":"https:\/\/raphaelbarbosa.com\/index.php\/podcast\/","name":"Podcast - Raphael Barbosa El Podcast para Emprendedores PYME","isPartOf":{"@id":"https:\/\/raphaelbarbosa.com\/#website"},"datePublished":"2022-03-13T15:52:45+00:00","dateModified":"2022-03-22T13:30:30+00:00","description":"Este Podcast esta dedicado a todos los emprendedores que inician un negocio y con mucho esfuerzo, constancia y tenacidad llegan al \u00e9xito.","breadcrumb":{"@id":"https:\/\/raphaelbarbosa.com\/index.php\/podcast\/#breadcrumb"},"inLanguage":"es","potentialAction":[{"@type":"ReadAction","target":["https:\/\/raphaelbarbosa.com\/index.php\/podcast\/"]}]},{"@type":"BreadcrumbList","@id":"https:\/\/raphaelbarbosa.com\/index.php\/podcast\/#breadcrumb","itemListElement":[{"@type":"ListItem","position":1,"name":"Portada","item":"https:\/\/raphaelbarbosa.com\/"},{"@type":"ListItem","position":2,"name":"Podcast"}]},{"@type":"WebSite","@id":"https:\/\/raphaelbarbosa.com\/#website","url":"https:\/\/raphaelbarbosa.com\/","name":"Raphael Barbosa","description":"Consultor estratega para Incrementar los ingresos de las PYME","publisher":{"@id":"https:\/\/raphaelbarbosa.com\/#organization"},"potentialAction":[{"@type":"SearchAction","target":{"@type":"EntryPoint","urlTemplate":"https:\/\/raphaelbarbosa.com\/?s={search_term_string}"},"query-input":{"@type":"PropertyValueSpecification","valueRequired":true,"valueName":"search_term_string"}}],"inLanguage":"es"},{"@type":"Organization","@id":"https:\/\/raphaelbarbosa.com\/#organization","name":"Raphael Barbosa","url":"https:\/\/raphaelbarbosa.com\/","logo":{"@type":"ImageObject","inLanguage":"es","@id":"https:\/\/raphaelbarbosa.com\/#\/schema\/logo\/image\/","url":"https:\/\/raphaelbarbosa.com\/wp-content\/uploads\/2021\/07\/cropped-logo_raphael_barbosa.png","contentUrl":"https:\/\/raphaelbarbosa.com\/wp-content\/uploads\/2021\/07\/cropped-logo_raphael_barbosa.png","width":1888,"height":458,"caption":"Raphael Barbosa"},"image":{"@id":"https:\/\/raphaelbarbosa.com\/#\/schema\/logo\/image\/"}}]}},"_links":{"self":[{"href":"https:\/\/raphaelbarbosa.com\/index.php\/wp-json\/wp\/v2\/pages\/188","targetHints":{"allow":["GET"]}}],"collection":[{"href":"https:\/\/raphaelbarbosa.com\/index.php\/wp-json\/wp\/v2\/pages"}],"about":[{"href":"https:\/\/raphaelbarbosa.com\/index.php\/wp-json\/wp\/v2\/types\/page"}],"author":[{"embeddable":true,"href":"https:\/\/raphaelbarbosa.com\/index.php\/wp-json\/wp\/v2\/users\/2"}],"replies":[{"embeddable":true,"href":"https:\/\/raphaelbarbosa.com\/index.php\/wp-json\/wp\/v2\/comments?post=188"}],"version-history":[{"count":46,"href":"https:\/\/raphaelbarbosa.com\/index.php\/wp-json\/wp\/v2\/pages\/188\/revisions"}],"predecessor-version":[{"id":251,"href":"https:\/\/raphaelbarbosa.com\/index.php\/wp-json\/wp\/v2\/pages\/188\/revisions\/251"}],"wp:attachment":[{"href":"https:\/\/raphaelbarbosa.com\/index.php\/wp-json\/wp\/v2\/media?parent=188"}],"curies":[{"name":"wp","href":"https:\/\/api.w.org\/{rel}","templated":true}]}}