{"id":319,"date":"2024-02-21T14:40:23","date_gmt":"2024-02-21T14:40:23","guid":{"rendered":"https:\/\/raphaelbarbosa.com\/?page_id=319"},"modified":"2024-02-21T16:01:18","modified_gmt":"2024-02-21T16:01:18","slug":"contacto","status":"publish","type":"page","link":"https:\/\/raphaelbarbosa.com\/index.php\/contacto\/","title":{"rendered":"Contacto"},"content":{"rendered":"\t\t<div data-elementor-type=\"wp-page\" data-elementor-id=\"319\" class=\"elementor elementor-319\">\n\t\t\t\t\t\t<section class=\"elementor-section elementor-top-section elementor-element elementor-element-8c79d78 elementor-section-boxed elementor-section-height-default elementor-section-height-default\" data-id=\"8c79d78\" data-element_type=\"section\" data-e-type=\"section\">\n\t\t\t\t\t\t<div class=\"elementor-container elementor-column-gap-default\">\n\t\t\t\t\t<div class=\"elementor-column elementor-col-100 elementor-top-column elementor-element elementor-element-8cc7309\" data-id=\"8cc7309\" data-element_type=\"column\" data-e-type=\"column\">\n\t\t\t<div class=\"elementor-widget-wrap elementor-element-populated\">\n\t\t\t\t\t\t<div class=\"elementor-element elementor-element-76526b9 eael-contact-form-7-button-align-left eael-contact-form-7-button-custom elementor-widget elementor-widget-eael-contact-form-7\" data-id=\"76526b9\" data-element_type=\"widget\" data-e-type=\"widget\" data-widget_type=\"eael-contact-form-7.default\">\n\t\t\t\t<div class=\"elementor-widget-container\">\n\t\t\t\t\t<div class=\"eael-contact-form-7-wrapper\">\n                <div class=\"eael-contact-form eael-contact-form-7 eael-contact-form-76526b9 placeholder-show eael-contact-form-align-center\"><div class=\"eael-contact-form-7-heading\"><h3 class=\"eael-contact-form-title eael-contact-form-7-title\">\n                                    Asesor\u00eda Personalizada\n                                <\/h3><\/div>\n<div class=\"wpcf7 no-js\" id=\"wpcf7-f83-o1\" lang=\"es-ES\" dir=\"ltr\" data-wpcf7-id=\"83\">\n<div class=\"screen-reader-response\"><p role=\"status\" aria-live=\"polite\" aria-atomic=\"true\"><\/p> <ul><\/ul><\/div>\n<form action=\"\/index.php\/wp-json\/wp\/v2\/pages\/319#wpcf7-f83-o1\" method=\"post\" class=\"wpcf7-form init\" aria-label=\"Formulario de contacto\" novalidate=\"novalidate\" data-status=\"init\">\n<fieldset class=\"hidden-fields-container\"><input type=\"hidden\" name=\"_wpcf7\" value=\"83\" \/><input type=\"hidden\" name=\"_wpcf7_version\" value=\"6.1.5\" \/><input type=\"hidden\" name=\"_wpcf7_locale\" value=\"es_ES\" \/><input type=\"hidden\" name=\"_wpcf7_unit_tag\" value=\"wpcf7-f83-o1\" \/><input type=\"hidden\" name=\"_wpcf7_container_post\" value=\"0\" \/><input type=\"hidden\" name=\"_wpcf7_posted_data_hash\" value=\"\" \/><input type=\"hidden\" name=\"_wpcf7_recaptcha_response\" value=\"\" \/>\n<\/fieldset>\n<p><label> Nombre<br \/>\n<span class=\"wpcf7-form-control-wrap\" data-name=\"your-name\"><input size=\"40\" maxlength=\"400\" class=\"wpcf7-form-control wpcf7-text wpcf7-validates-as-required\" aria-required=\"true\" aria-invalid=\"false\" value=\"\" type=\"text\" name=\"your-name\" \/><\/span> <\/label>\n<\/p>\n<p><label> Email<br \/>\n<span class=\"wpcf7-form-control-wrap\" data-name=\"your-email\"><input size=\"40\" maxlength=\"400\" class=\"wpcf7-form-control wpcf7-email wpcf7-validates-as-required wpcf7-text wpcf7-validates-as-email\" aria-required=\"true\" aria-invalid=\"false\" value=\"\" type=\"email\" name=\"your-email\" \/><\/span> <\/label>\n<\/p>\n<p><label> Tel\u00e9fono<br \/>\n<span class=\"wpcf7-form-control-wrap\" data-name=\"Telfono\"><input size=\"40\" maxlength=\"400\" class=\"wpcf7-form-control wpcf7-tel wpcf7-text wpcf7-validates-as-tel\" aria-invalid=\"false\" value=\"\" type=\"tel\" name=\"Telfono\" \/><\/span> <\/label>\n<\/p>\n<p><label> Mensaje<br \/>\n<span class=\"wpcf7-form-control-wrap\" data-name=\"your-message\"><textarea cols=\"40\" rows=\"10\" maxlength=\"2000\" class=\"wpcf7-form-control wpcf7-textarea\" aria-invalid=\"false\" name=\"your-message\"><\/textarea><\/span> <\/label>\n<\/p>\n<p><label><span class=\"wpcf7-form-control-wrap\" data-name=\"privacidad\"><span class=\"wpcf7-form-control wpcf7-acceptance\"><span class=\"wpcf7-list-item\"><label><input type=\"checkbox\" name=\"privacidad\" value=\"1\" aria-invalid=\"false\" \/><span class=\"wpcf7-list-item-label\">He le\u00eddo y acepto la <a href=\"#\">Pol\u00edtica de Privacidad<\/a><\/span><\/label><\/span><\/span><\/span><\/label>\n<\/p>\n<p><input class=\"wpcf7-form-control wpcf7-submit has-spinner\" type=\"submit\" value=\"Aceptar\" \/>\n<\/p><div class=\"wpcf7-response-output\" aria-hidden=\"true\"><\/div>\n<\/form>\n<\/div>\n<\/div>\n            <\/div>\t\t\t\t<\/div>\n\t\t\t\t<\/div>\n\t\t\t\t\t<\/div>\n\t\t<\/div>\n\t\t\t\t\t<\/div>\n\t\t<\/section>\n\t\t\t\t<\/div>\n\t\t","protected":false},"excerpt":{"rendered":"<p>Asesor\u00eda Personalizada Nombre Correo Electr\u00f3nico Tel\u00e9fono Mensaje He le\u00eddo y acepto la Pol\u00edtica de Privacidad<\/p>\n","protected":false},"author":2,"featured_media":0,"parent":0,"menu_order":0,"comment_status":"closed","ping_status":"closed","template":"page-templates\/template-pagebuilder-full-width.php","meta":{"_monsterinsights_skip_tracking":false,"_monsterinsights_sitenote_active":false,"_monsterinsights_sitenote_note":"","_monsterinsights_sitenote_category":0,"neve_meta_sidebar":"","neve_meta_container":"","neve_meta_enable_content_width":"","neve_meta_content_width":0,"neve_meta_title_alignment":"","neve_meta_author_avatar":"","neve_post_elements_order":"","neve_meta_disable_header":"","neve_meta_disable_footer":"","neve_meta_disable_title":"","_joinchat":[],"footnotes":""},"class_list":["post-319","page","type-page","status-publish","hentry"],"yoast_head":"<!-- This site is optimized with the Yoast SEO plugin v27.2 - https:\/\/yoast.com\/product\/yoast-seo-wordpress\/ -->\n<title>Contacto - Raphael Barbosa<\/title>\n<meta name=\"robots\" content=\"index, follow, max-snippet:-1, max-image-preview:large, max-video-preview:-1\" \/>\n<link rel=\"canonical\" href=\"https:\/\/raphaelbarbosa.com\/index.php\/contacto\/\" \/>\n<meta property=\"og:locale\" content=\"es_ES\" \/>\n<meta property=\"og:type\" content=\"article\" \/>\n<meta property=\"og:title\" content=\"Contacto - Raphael Barbosa\" \/>\n<meta property=\"og:description\" content=\"Asesor\u00eda Personalizada Nombre Correo Electr\u00f3nico Tel\u00e9fono Mensaje He le\u00eddo y acepto la Pol\u00edtica de Privacidad\" \/>\n<meta property=\"og:url\" content=\"https:\/\/raphaelbarbosa.com\/index.php\/contacto\/\" \/>\n<meta property=\"og:site_name\" content=\"Raphael Barbosa\" \/>\n<meta property=\"article:modified_time\" content=\"2024-02-21T16:01:18+00:00\" \/>\n<meta name=\"twitter:card\" content=\"summary_large_image\" \/>\n<meta name=\"twitter:label1\" content=\"Tiempo de lectura\" \/>\n\t<meta name=\"twitter:data1\" content=\"1 minuto\" \/>\n<script type=\"application\/ld+json\" class=\"yoast-schema-graph\">{\"@context\":\"https:\/\/schema.org\",\"@graph\":[{\"@type\":\"WebPage\",\"@id\":\"https:\/\/raphaelbarbosa.com\/index.php\/contacto\/\",\"url\":\"https:\/\/raphaelbarbosa.com\/index.php\/contacto\/\",\"name\":\"Contacto - Raphael Barbosa\",\"isPartOf\":{\"@id\":\"https:\/\/raphaelbarbosa.com\/#website\"},\"datePublished\":\"2024-02-21T14:40:23+00:00\",\"dateModified\":\"2024-02-21T16:01:18+00:00\",\"breadcrumb\":{\"@id\":\"https:\/\/raphaelbarbosa.com\/index.php\/contacto\/#breadcrumb\"},\"inLanguage\":\"es\",\"potentialAction\":[{\"@type\":\"ReadAction\",\"target\":[\"https:\/\/raphaelbarbosa.com\/index.php\/contacto\/\"]}]},{\"@type\":\"BreadcrumbList\",\"@id\":\"https:\/\/raphaelbarbosa.com\/index.php\/contacto\/#breadcrumb\",\"itemListElement\":[{\"@type\":\"ListItem\",\"position\":1,\"name\":\"Portada\",\"item\":\"https:\/\/raphaelbarbosa.com\/\"},{\"@type\":\"ListItem\",\"position\":2,\"name\":\"Contacto\"}]},{\"@type\":\"WebSite\",\"@id\":\"https:\/\/raphaelbarbosa.com\/#website\",\"url\":\"https:\/\/raphaelbarbosa.com\/\",\"name\":\"Raphael Barbosa\",\"description\":\"Consultor estratega para Incrementar los ingresos de las PYME\",\"publisher\":{\"@id\":\"https:\/\/raphaelbarbosa.com\/#organization\"},\"potentialAction\":[{\"@type\":\"SearchAction\",\"target\":{\"@type\":\"EntryPoint\",\"urlTemplate\":\"https:\/\/raphaelbarbosa.com\/?s={search_term_string}\"},\"query-input\":{\"@type\":\"PropertyValueSpecification\",\"valueRequired\":true,\"valueName\":\"search_term_string\"}}],\"inLanguage\":\"es\"},{\"@type\":\"Organization\",\"@id\":\"https:\/\/raphaelbarbosa.com\/#organization\",\"name\":\"Raphael Barbosa\",\"url\":\"https:\/\/raphaelbarbosa.com\/\",\"logo\":{\"@type\":\"ImageObject\",\"inLanguage\":\"es\",\"@id\":\"https:\/\/raphaelbarbosa.com\/#\/schema\/logo\/image\/\",\"url\":\"https:\/\/raphaelbarbosa.com\/wp-content\/uploads\/2021\/07\/cropped-logo_raphael_barbosa.png\",\"contentUrl\":\"https:\/\/raphaelbarbosa.com\/wp-content\/uploads\/2021\/07\/cropped-logo_raphael_barbosa.png\",\"width\":1888,\"height\":458,\"caption\":\"Raphael Barbosa\"},\"image\":{\"@id\":\"https:\/\/raphaelbarbosa.com\/#\/schema\/logo\/image\/\"}}]}<\/script>\n<!-- \/ Yoast SEO plugin. -->","yoast_head_json":{"title":"Contacto - Raphael Barbosa","robots":{"index":"index","follow":"follow","max-snippet":"max-snippet:-1","max-image-preview":"max-image-preview:large","max-video-preview":"max-video-preview:-1"},"canonical":"https:\/\/raphaelbarbosa.com\/index.php\/contacto\/","og_locale":"es_ES","og_type":"article","og_title":"Contacto - Raphael Barbosa","og_description":"Asesor\u00eda Personalizada Nombre Correo Electr\u00f3nico Tel\u00e9fono Mensaje He le\u00eddo y acepto la Pol\u00edtica de Privacidad","og_url":"https:\/\/raphaelbarbosa.com\/index.php\/contacto\/","og_site_name":"Raphael Barbosa","article_modified_time":"2024-02-21T16:01:18+00:00","twitter_card":"summary_large_image","twitter_misc":{"Tiempo de lectura":"1 minuto"},"schema":{"@context":"https:\/\/schema.org","@graph":[{"@type":"WebPage","@id":"https:\/\/raphaelbarbosa.com\/index.php\/contacto\/","url":"https:\/\/raphaelbarbosa.com\/index.php\/contacto\/","name":"Contacto - Raphael Barbosa","isPartOf":{"@id":"https:\/\/raphaelbarbosa.com\/#website"},"datePublished":"2024-02-21T14:40:23+00:00","dateModified":"2024-02-21T16:01:18+00:00","breadcrumb":{"@id":"https:\/\/raphaelbarbosa.com\/index.php\/contacto\/#breadcrumb"},"inLanguage":"es","potentialAction":[{"@type":"ReadAction","target":["https:\/\/raphaelbarbosa.com\/index.php\/contacto\/"]}]},{"@type":"BreadcrumbList","@id":"https:\/\/raphaelbarbosa.com\/index.php\/contacto\/#breadcrumb","itemListElement":[{"@type":"ListItem","position":1,"name":"Portada","item":"https:\/\/raphaelbarbosa.com\/"},{"@type":"ListItem","position":2,"name":"Contacto"}]},{"@type":"WebSite","@id":"https:\/\/raphaelbarbosa.com\/#website","url":"https:\/\/raphaelbarbosa.com\/","name":"Raphael Barbosa","description":"Consultor estratega para Incrementar los ingresos de las PYME","publisher":{"@id":"https:\/\/raphaelbarbosa.com\/#organization"},"potentialAction":[{"@type":"SearchAction","target":{"@type":"EntryPoint","urlTemplate":"https:\/\/raphaelbarbosa.com\/?s={search_term_string}"},"query-input":{"@type":"PropertyValueSpecification","valueRequired":true,"valueName":"search_term_string"}}],"inLanguage":"es"},{"@type":"Organization","@id":"https:\/\/raphaelbarbosa.com\/#organization","name":"Raphael Barbosa","url":"https:\/\/raphaelbarbosa.com\/","logo":{"@type":"ImageObject","inLanguage":"es","@id":"https:\/\/raphaelbarbosa.com\/#\/schema\/logo\/image\/","url":"https:\/\/raphaelbarbosa.com\/wp-content\/uploads\/2021\/07\/cropped-logo_raphael_barbosa.png","contentUrl":"https:\/\/raphaelbarbosa.com\/wp-content\/uploads\/2021\/07\/cropped-logo_raphael_barbosa.png","width":1888,"height":458,"caption":"Raphael Barbosa"},"image":{"@id":"https:\/\/raphaelbarbosa.com\/#\/schema\/logo\/image\/"}}]}},"_links":{"self":[{"href":"https:\/\/raphaelbarbosa.com\/index.php\/wp-json\/wp\/v2\/pages\/319","targetHints":{"allow":["GET"]}}],"collection":[{"href":"https:\/\/raphaelbarbosa.com\/index.php\/wp-json\/wp\/v2\/pages"}],"about":[{"href":"https:\/\/raphaelbarbosa.com\/index.php\/wp-json\/wp\/v2\/types\/page"}],"author":[{"embeddable":true,"href":"https:\/\/raphaelbarbosa.com\/index.php\/wp-json\/wp\/v2\/users\/2"}],"replies":[{"embeddable":true,"href":"https:\/\/raphaelbarbosa.com\/index.php\/wp-json\/wp\/v2\/comments?post=319"}],"version-history":[{"count":9,"href":"https:\/\/raphaelbarbosa.com\/index.php\/wp-json\/wp\/v2\/pages\/319\/revisions"}],"predecessor-version":[{"id":379,"href":"https:\/\/raphaelbarbosa.com\/index.php\/wp-json\/wp\/v2\/pages\/319\/revisions\/379"}],"wp:attachment":[{"href":"https:\/\/raphaelbarbosa.com\/index.php\/wp-json\/wp\/v2\/media?parent=319"}],"curies":[{"name":"wp","href":"https:\/\/api.w.org\/{rel}","templated":true}]}}